{"id":6987,"date":"2025-08-18T12:15:16","date_gmt":"2025-08-18T10:15:16","guid":{"rendered":"https:\/\/staging.certifikatdpp.si\/?page_id=6987"},"modified":"2025-09-09T17:21:23","modified_gmt":"2025-09-09T15:21:23","slug":"novice","status":"publish","type":"page","link":"https:\/\/www.certifikatdpp.si\/en\/novice\/","title":{"rendered":"News"},"content":{"rendered":"<div class=\"fusion-fullwidth fullwidth-box fusion-builder-row-1 fusion-flex-container has-pattern-background has-mask-background nonhundred-percent-fullwidth non-hundred-percent-height-scrolling\" style=\"--awb-border-radius-top-left:0px;--awb-border-radius-top-right:0px;--awb-border-radius-bottom-right:0px;--awb-border-radius-bottom-left:0px;--awb-flex-wrap:wrap;\" ><div class=\"fusion-builder-row fusion-row fusion-flex-align-items-flex-start fusion-flex-content-wrap\" style=\"max-width:1248px;margin-left: calc(-4% \/ 2 );margin-right: calc(-4% \/ 2 );\"><div class=\"fusion-layout-column fusion_builder_column fusion-builder-column-0 fusion_builder_column_1_1 1_1 fusion-flex-column\" style=\"--awb-bg-size:cover;--awb-width-large:100%;--awb-margin-top-large:20px;--awb-spacing-right-large:1.92%;--awb-margin-bottom-large:20px;--awb-spacing-left-large:1.92%;--awb-width-medium:100%;--awb-order-medium:0;--awb-spacing-right-medium:1.92%;--awb-spacing-left-medium:1.92%;--awb-width-small:100%;--awb-order-small:0;--awb-spacing-right-small:1.92%;--awb-spacing-left-small:1.92%;\"><div class=\"fusion-column-wrapper fusion-column-has-shadow fusion-flex-justify-content-flex-start fusion-content-layout-column\"><div class=\"fusion-recent-posts fusion-recent-posts-1 avada-container layout-default layout-columns-3\"><section class=\"fusion-columns columns fusion-columns-3 columns-3\"><article class=\"post fusion-column column col col-lg-4 col-md-4 col-sm-4\"><div class=\"recent-posts-content\"><span class=\"vcard\" style=\"display: none;\"><span class=\"fn\"><a href=\"https:\/\/www.certifikatdpp.si\/en\/author\/skrbnica\/\" title=\"Posts by skrbnica\" rel=\"author\">skrbnica<\/a><\/span><\/span><span class=\"updated\" style=\"display:none;\">2026-05-11T09:13:05+02:00<\/span><h4 class=\"entry-title\"><a href=\"https:\/\/www.certifikatdpp.si\/en\/slavnostna-podelitev-certifikatov-druzini-prijazno-podjetje-3\/\">Family-Friendly Enterprise Certificate Award Ceremony<\/a><\/h4><p>V petek, 15. maja 2026, bo na Gospodarski zbornici Slovenije (dvorana A, Dimi\u010deva 13, Ljubljana) ob 12. uri potekala slavnostna podelitev certifikatov Dru\u017eini prijazno podjetje. Certifikate bo podeljevala Anita Bregar, generalna direktorica Direktorata za dru\u017eino iz Ministrstva za delo, dru\u017eino, socialne zadeve in enake mo\u017enosti. Zainteresirani novinarji nam zaradi la\u017eje organizacije [...]<\/p><\/div><\/article><article class=\"post fusion-column column col col-lg-4 col-md-4 col-sm-4\"><div class=\"recent-posts-content\"><span class=\"vcard\" style=\"display: none;\"><span class=\"fn\"><a href=\"https:\/\/www.certifikatdpp.si\/en\/author\/skrbnica\/\" title=\"Posts by skrbnica\" rel=\"author\">skrbnica<\/a><\/span><\/span><span class=\"updated\" style=\"display:none;\">2026-02-17T09:55:55+01:00<\/span><h4 class=\"entry-title\"><a href=\"https:\/\/www.certifikatdpp.si\/en\/ravnotezje-med-delom-in-zasebnim-zivljenjem-2026\/\">Ravnote\u017eje med delom in zasebnim \u017eivljenjem 2026<\/a><\/h4><p>Ekvilib In\u0161titut je objavil raziskavo \u00bbRavnote\u017eje med delom in zasebnim \u017eivljenjem v Sloveniji\u00ab, ki prina\u0161a poglobljen vpogled v izku\u0161nje zaposlenih na podro\u010dju usklajevanja dela in zasebnega \u017eivljenja v slovenskih podjetjih in organizacijah. Raziskava temelji na obse\u017eni bazi odgovorov zaposlenih iz razli\u010dnih organizacij in sektorjev ter osvetljuje do\u017eivljanje ravnote\u017eja med delom in [...]<\/p><\/div><\/article><article class=\"post fusion-column column col col-lg-4 col-md-4 col-sm-4\"><div class=\"recent-posts-content\"><span class=\"vcard\" style=\"display: none;\"><span class=\"fn\"><a href=\"https:\/\/www.certifikatdpp.si\/en\/author\/skrbnica\/\" title=\"Posts by skrbnica\" rel=\"author\">skrbnica<\/a><\/span><\/span><span class=\"updated\" style=\"display:none;\">2026-01-28T14:10:13+01:00<\/span><h4 class=\"entry-title\"><a href=\"https:\/\/www.certifikatdpp.si\/en\/brezplacni-webinar-kako-do-certifikata-druzini-prijazno-podjetje\/\">Brezpla\u010dni webinar: Kako do certifikata Dru\u017eini prijazno podjetje<\/a><\/h4><p> Usklajevanje poklicnega in zasebnega \u017eivljenja ostaja eden klju\u010dnih izzivov sodobnega delovnega okolja. Najnovej\u0161a raziskava Ekvilib In\u0161tituta (2025) ka\u017ee, da skoraj polovica zaposlenih v Sloveniji iz slu\u017ebe pogosto odhaja \u010dustveno iz\u010drpanih, tretjina pa do\u017eivlja stres ali tesnobo zaradi slabega ravnote\u017eja med delom in prostim \u010dasom. Hkrati pa podatki raziskave potrjujejo, da [...]<\/p><\/div><\/article><article class=\"post fusion-column column col col-lg-4 col-md-4 col-sm-4\"><div class=\"recent-posts-content\"><span class=\"vcard\" style=\"display: none;\"><span class=\"fn\"><a href=\"https:\/\/www.certifikatdpp.si\/en\/author\/kkgal\/\" title=\"Posts by kkgal\" rel=\"author\">kkgal<\/a><\/span><\/span><span class=\"updated\" style=\"display:none;\">2026-05-05T13:59:44+02:00<\/span><h4 class=\"entry-title\"><a href=\"https:\/\/www.certifikatdpp.si\/en\/evalvacija-zadovoljstva-imetnikov-certifikata-s-sistemom-certificiranja-za-leto-2024\/\">Evaluation of certificate holders' satisfaction with the certification system for 2025<\/a><\/h4><p>Ekvilib In\u0161titut kot nosilec postopka certificiranja Dru\u017eini prijazno podjetje sku\u0161a svoje storitve in postopke izbolj\u0161evati in v \u010dim ve\u010dji meri zagotoviti zadovoljstvo svojih uporabnikov. \u010cim la\u017eji, do najve\u010dje mo\u017ene mere standardiziran postopek je pri tem klju\u010den, saj na\u0161 namen ni s pretirano birokracijo in postopki obremenjevati podjetja, ampak \u017eelimo zagotoviti vso [...]<\/p><\/div><\/article><article class=\"post fusion-column column col col-lg-4 col-md-4 col-sm-4\"><div class=\"recent-posts-content\"><span class=\"vcard\" style=\"display: none;\"><span class=\"fn\"><a href=\"https:\/\/www.certifikatdpp.si\/en\/author\/skrbnica\/\" title=\"Posts by skrbnica\" rel=\"author\">skrbnica<\/a><\/span><\/span><span class=\"updated\" style=\"display:none;\">2025-05-06T14:42:43+02:00<\/span><h4 class=\"entry-title\"><a href=\"https:\/\/www.certifikatdpp.si\/en\/siritev-certifikata-druzini-prijazno-podjetje-v-bolgarijo\/\">Expansion of the Family Friendly Enterprise certificate to Bulgaria<\/a><\/h4><p>Ob osemnajstletnici certifikata Dru\u017eini prijazno podjetje tega \u0161irimo v Bolgarijo, kjer bo nacionalni partner postal ESG Certification Ltd. Ponosni smo, da lahko \u0161irimo dobre prakse usklajevanja poklicnega in zasebnega \u017eivljenja ter podpiramo podjetja pri ustvarjanju bolj vklju\u010dujo\u010dega in trajnostnega delovnega okolja \u2013 ne le doma, temve\u010d tudi v tujini.<\/p><\/div><\/article><article class=\"post fusion-column column col col-lg-4 col-md-4 col-sm-4\"><div class=\"recent-posts-content\"><span class=\"vcard\" style=\"display: none;\"><span class=\"fn\"><a href=\"https:\/\/www.certifikatdpp.si\/en\/author\/skrbnica\/\" title=\"Posts by skrbnica\" rel=\"author\">skrbnica<\/a><\/span><\/span><span class=\"updated\" style=\"display:none;\">2025-05-05T13:37:12+02:00<\/span><h4 class=\"entry-title\"><a href=\"https:\/\/www.certifikatdpp.si\/en\/slavnostna-podelitev-certifikatov-druzini-prijazno-podjetje-2\/\">Family-Friendly Enterprise Certificate Award Ceremony<\/a><\/h4><p>V sredo, 14. maja 2025, bo v dvorani Gospodarske zbornice Slovenija potekala slavnostna podelitev certifikatov Dru\u017eini prijazno podjetje. Certifikate bo podeljevala Anita Bregar, direktorica Direktorata za dru\u017eino na Ministrstvu za delo, dru\u017eino, socialne zadeve in enake mo\u017enosti. Podjetja in organizacije, ki bodo prejele osnovne certifikate Dru\u017eini prijazno podjetje, so Center za [...]<\/p><\/div><\/article><\/section><div class=\"pagination clearfix\"><span class=\"current\">1<\/span><a href=\"https:\/\/www.certifikatdpp.si\/en\/wp-json\/wp\/v2\/pages\/6987\/page\/2\/\" class=\"inactive\">2<\/a><a class=\"pagination-next\" rel=\"next\" href=\"https:\/\/www.certifikatdpp.si\/en\/wp-json\/wp\/v2\/pages\/6987\/page\/2\/\"><span class=\"page-text\">Next<\/span><span class=\"page-next\"><\/span><\/a><\/div><div class=\"fusion-clearfix\"><\/div><\/div><\/div><\/div><\/div><\/div>","protected":false},"excerpt":{"rendered":"","protected":false},"author":3,"featured_media":0,"parent":0,"menu_order":0,"comment_status":"closed","ping_status":"closed","template":"100-width.php","meta":{"_acf_changed":false,"footnotes":""},"class_list":["post-6987","page","type-page","status-publish","hentry"],"acf":[],"_links":{"self":[{"href":"https:\/\/www.certifikatdpp.si\/en\/wp-json\/wp\/v2\/pages\/6987","targetHints":{"allow":["GET"]}}],"collection":[{"href":"https:\/\/www.certifikatdpp.si\/en\/wp-json\/wp\/v2\/pages"}],"about":[{"href":"https:\/\/www.certifikatdpp.si\/en\/wp-json\/wp\/v2\/types\/page"}],"author":[{"embeddable":true,"href":"https:\/\/www.certifikatdpp.si\/en\/wp-json\/wp\/v2\/users\/3"}],"replies":[{"embeddable":true,"href":"https:\/\/www.certifikatdpp.si\/en\/wp-json\/wp\/v2\/comments?post=6987"}],"version-history":[{"count":6,"href":"https:\/\/www.certifikatdpp.si\/en\/wp-json\/wp\/v2\/pages\/6987\/revisions"}],"predecessor-version":[{"id":7322,"href":"https:\/\/www.certifikatdpp.si\/en\/wp-json\/wp\/v2\/pages\/6987\/revisions\/7322"}],"wp:attachment":[{"href":"https:\/\/www.certifikatdpp.si\/en\/wp-json\/wp\/v2\/media?parent=6987"}],"curies":[{"name":"wp","href":"https:\/\/api.w.org\/{rel}","templated":true}]}}